{"id":2267,"date":"2022-04-26T07:29:35","date_gmt":"2022-04-26T07:29:35","guid":{"rendered":"https:\/\/barebarejatetxea.com\/bare-bare\/"},"modified":"2025-03-25T11:56:01","modified_gmt":"2025-03-25T11:56:01","slug":"bare-bare","status":"publish","type":"page","link":"https:\/\/barebarejatetxea.com\/fr\/bare-bare\/","title":{"rendered":"Bare Bare"},"content":{"rendered":"\t\t<div data-elementor-type=\"wp-page\" data-elementor-id=\"2267\" class=\"elementor elementor-2267 elementor-1233\" data-elementor-post-type=\"page\">\n\t\t\t\t\t\t<section class=\"elementor-section elementor-top-section elementor-element elementor-element-bc11931 elementor-section-full_width elementor-section-height-min-height elementor-section-items-stretch elementor-reverse-mobile elementor-section-height-default\" data-id=\"bc11931\" data-element_type=\"section\" data-settings=\"{&quot;background_background&quot;:&quot;classic&quot;}\">\n\t\t\t\t\t\t<div class=\"elementor-container elementor-column-gap-no\">\n\t\t\t\t\t<div class=\"elementor-column elementor-col-50 elementor-top-column elementor-element elementor-element-ad98aad\" data-id=\"ad98aad\" data-element_type=\"column\">\n\t\t\t<div class=\"elementor-widget-wrap elementor-element-populated\">\n\t\t\t\t\t\t<div class=\"elementor-element elementor-element-83ee590 elementor-widget elementor-widget-pt_title\" data-id=\"83ee590\" data-element_type=\"widget\" data-widget_type=\"pt_title.default\">\n\t\t\t\t<div class=\"elementor-widget-container\">\n\t\t\t\t\t\n        <div class=\"pt-title-wrap\">\t            <div class=\"pt-subtitle-wrap\"><span class=\"pt-subtitle color-secondary\">R\u00f4tisserie - restaurant \u00e0 donostia<\/span><\/div>\t            <h3 class=\"pt-title\">\n\t                BARE BARE\t            <\/h3>\t            <div class=\"pt-title-text\">\n\t                <p>\u00c0 quelques m\u00e8tres de la mer, au c\u0153ur de la vieille ville de Saint-S\u00e9bastien, vous trouverez notre restaurant, un restaurant de grillades et de fruits de mer o\u00f9 vous pourrez d\u00e9guster les meilleures mati\u00e8res premi\u00e8res.<\/p><p>Bare-Bare est une r\u00e9f\u00e9rence gastronomique \u00e0 Saint-S\u00e9bastien. Les fruits de mer, le poisson frais et la viande provenant des fermes locales, ainsi que les produits de saison du jardin et les p\u00e2tisseries maison, compl\u00e8tent une carte exquise o\u00f9 vous aurez l&#8217;embarras du choix.<\/p>\t            <\/div>        <\/div>\t\t\t\t<\/div>\n\t\t\t\t<\/div>\n\t\t\t\t<div class=\"elementor-element elementor-element-bb92d6e elementor-widget elementor-widget-image\" data-id=\"bb92d6e\" data-element_type=\"widget\" data-widget_type=\"image.default\">\n\t\t\t\t<div class=\"elementor-widget-container\">\n\t\t\t\t\t\t\t\t\t\t\t\t\t\t\t<img decoding=\"async\" width=\"268\" height=\"58\" src=\"https:\/\/barebarejatetxea.com\/wp-content\/uploads\/2023\/10\/logo-azul.png\" class=\"attachment-patiotime_600x9999 size-patiotime_600x9999 wp-image-1782\" alt=\"\" srcset=\"https:\/\/barebarejatetxea.com\/wp-content\/uploads\/2023\/10\/logo-azul.png 268w, https:\/\/barebarejatetxea.com\/wp-content\/uploads\/2023\/10\/logo-azul-255x55.png 255w, https:\/\/barebarejatetxea.com\/wp-content\/uploads\/2023\/10\/logo-azul-150x32.png 150w\" sizes=\"(max-width: 268px) 100vw, 268px\" \/>\t\t\t\t\t\t\t\t\t\t\t\t\t\t\t<\/div>\n\t\t\t\t<\/div>\n\t\t\t\t\t<\/div>\n\t\t<\/div>\n\t\t\t\t<div class=\"elementor-column elementor-col-50 elementor-top-column elementor-element elementor-element-13d06c0\" data-id=\"13d06c0\" data-element_type=\"column\" data-settings=\"{&quot;background_background&quot;:&quot;classic&quot;}\">\n\t\t\t<div class=\"elementor-widget-wrap elementor-element-populated\">\n\t\t\t\t\t\t<div class=\"elementor-element elementor-element-284d073 elementor-widget elementor-widget-spacer\" data-id=\"284d073\" data-element_type=\"widget\" data-widget_type=\"spacer.default\">\n\t\t\t\t<div class=\"elementor-widget-container\">\n\t\t\t\t\t\t\t<div class=\"elementor-spacer\">\n\t\t\t<div class=\"elementor-spacer-inner\"><\/div>\n\t\t<\/div>\n\t\t\t\t\t\t<\/div>\n\t\t\t\t<\/div>\n\t\t\t\t\t<\/div>\n\t\t<\/div>\n\t\t\t\t\t<\/div>\n\t\t<\/section>\n\t\t\t\t<section class=\"elementor-section elementor-top-section elementor-element elementor-element-e02338b elementor-section-full_width elementor-section-height-min-height elementor-section-items-stretch elementor-section-height-default\" data-id=\"e02338b\" data-element_type=\"section\" data-settings=\"{&quot;background_background&quot;:&quot;classic&quot;}\">\n\t\t\t\t\t\t<div class=\"elementor-container elementor-column-gap-no\">\n\t\t\t\t\t<div class=\"elementor-column elementor-col-50 elementor-top-column elementor-element elementor-element-adbb78a\" data-id=\"adbb78a\" data-element_type=\"column\" data-settings=\"{&quot;background_background&quot;:&quot;classic&quot;}\">\n\t\t\t<div class=\"elementor-widget-wrap elementor-element-populated\">\n\t\t\t\t\t\t<div class=\"elementor-element elementor-element-3b289ea elementor-widget elementor-widget-spacer\" data-id=\"3b289ea\" data-element_type=\"widget\" data-widget_type=\"spacer.default\">\n\t\t\t\t<div class=\"elementor-widget-container\">\n\t\t\t\t\t\t\t<div class=\"elementor-spacer\">\n\t\t\t<div class=\"elementor-spacer-inner\"><\/div>\n\t\t<\/div>\n\t\t\t\t\t\t<\/div>\n\t\t\t\t<\/div>\n\t\t\t\t\t<\/div>\n\t\t<\/div>\n\t\t\t\t<div class=\"elementor-column elementor-col-50 elementor-top-column elementor-element elementor-element-1a1a0fa\" data-id=\"1a1a0fa\" data-element_type=\"column\">\n\t\t\t<div class=\"elementor-widget-wrap elementor-element-populated\">\n\t\t\t\t\t\t<div class=\"elementor-element elementor-element-3a96998 pt-animation-medium-offset elementor-invisible elementor-widget elementor-widget-pt_title\" data-id=\"3a96998\" data-element_type=\"widget\" data-settings=\"{&quot;_animation&quot;:&quot;fadeInUp&quot;,&quot;_animation_delay&quot;:100}\" data-widget_type=\"pt_title.default\">\n\t\t\t\t<div class=\"elementor-widget-container\">\n\t\t\t\t\t\n        <div class=\"pt-title-wrap\">\t            <div class=\"pt-subtitle-wrap\"><span class=\"pt-subtitle color-secondary\">Grande vari\u00e9t\u00e9 et qualit\u00e9 du produit<\/span><\/div>\t            <h3 class=\"pt-title\">\n\t                PRODUIT FRAIS\t            <\/h3>\t            <div class=\"pt-title-text\">\n\t                <p>Chez Bare-Bare, nous v\u00e9n\u00e9rons le produit. Nous n&rsquo;achetons que des mati\u00e8res premi\u00e8res de qualit\u00e9 sup\u00e9rieure. Les relations \u00e9troites que nous entretenons avec nos partenaires des diff\u00e9rents march\u00e9s et poissonneries nous garantissent chaque jour la meilleure s\u00e9lection de fruits de mer et de poissons, offrant ainsi \u00e0 nos clients un produit frais et naturel dans les meilleures conditions. Hu\u00eetres, homards, coquilles Saint-Jacques, \u00e9crevisses, crevettes, araign\u00e9es de mer, daurades, soles, calmars sont quelques-uns des produits qui arrivent chaque jour dans nos cuisines.<\/p><p>En outre, notre menu est compl\u00e9t\u00e9 par des produits saisonniers du jardin (artichauts, gousses, asperges, piparras, champignons&#8230;), de la charcuterie ib\u00e9rique de Guijuelo et une s\u00e9lection soign\u00e9e de viandes parmi lesquelles se distinguent le chulet\u00f3n de viejo et les c\u00f4telettes d&rsquo;agneau.<\/p>\t            <\/div>                <div class=\"pt-title-btn\">\n                    <a class=\"button elementor-button-link pt-btn-color-secondary pt-btn-outline\" role=\"button\" href=\"https:\/\/barebarejatetxea.com\/fr\/menu\/\">\n                        <span class=\"pt-btn-text\">voir menu<\/span>\n                    <\/a>\n                <\/div>\n                    <\/div>\t\t\t\t<\/div>\n\t\t\t\t<\/div>\n\t\t\t\t\t<\/div>\n\t\t<\/div>\n\t\t\t\t\t<\/div>\n\t\t<\/section>\n\t\t\t\t<section class=\"elementor-section elementor-top-section elementor-element elementor-element-642f139f pt-section-content-fullwidth elementor-section-boxed elementor-section-height-default elementor-section-height-default\" data-id=\"642f139f\" data-element_type=\"section\" id=\"philosophy\" data-settings=\"{&quot;background_background&quot;:&quot;classic&quot;}\">\n\t\t\t\t\t\t<div class=\"elementor-container elementor-column-gap-no\">\n\t\t\t\t\t<div class=\"elementor-column elementor-col-100 elementor-top-column elementor-element elementor-element-152d6559\" data-id=\"152d6559\" data-element_type=\"column\">\n\t\t\t<div class=\"elementor-widget-wrap elementor-element-populated\">\n\t\t\t\t\t\t<div class=\"elementor-element elementor-element-510f3066 elementor-invisible elementor-widget elementor-widget-pt_title\" data-id=\"510f3066\" data-element_type=\"widget\" data-settings=\"{&quot;_animation&quot;:&quot;fadeIn&quot;,&quot;_animation_delay&quot;:100}\" data-widget_type=\"pt_title.default\">\n\t\t\t\t<div class=\"elementor-widget-container\">\n\t\t\t\t\t\n        <div class=\"pt-title-wrap text-center\">\t            <div class=\"pt-subtitle-wrap\"><span class=\"pt-subtitle color-secondary\">Voulez-vous venir nous rendre visite?<\/span><\/div>\t            <h6 class=\"pt-title\">\n\t                Faites votre r\u00e9servation \u00e0 partir de notre formulaire en ligne ou en nous appelant.\t            <\/h6>        <\/div>\t\t\t\t<\/div>\n\t\t\t\t<\/div>\n\t\t\t\t<div class=\"elementor-element elementor-element-0f03ebe elementor-align-center elementor-widget elementor-widget-pt_button\" data-id=\"0f03ebe\" data-element_type=\"widget\" data-widget_type=\"pt_button.default\">\n\t\t\t\t<div class=\"elementor-widget-container\">\n\t\t\t\t\t\n\t\t\t\t\t\t<div class=\"pt-button-popup pt-popup pt-popup-box pt-button-popup-0f03ebe pt-popup-fullsize\" data-popup-hash=\"4c4ec97758aa342050f80e15baa9da90\">\n\t\t\t\t\t\t\t\t\t\t\t\t\t\t<span class=\"close-button\">Close<\/span>\n\t\t\t\t\t\t\t<div class=\"container\">\t\t\t<link rel=\"stylesheet\" id=\"elementor-post-2313-css\" href=\"https:\/\/barebarejatetxea.com\/wp-content\/uploads\/elementor\/css\/post-2313.css?ver=1770221707\" type=\"text\/css\" media=\"all\">\t\t<div data-elementor-type=\"wp-post\" data-elementor-id=\"2313\" class=\"elementor elementor-2313 elementor-458\" data-elementor-post-type=\"custom_blocks\">\n\t\t\t\t\t\t<section class=\"elementor-section elementor-top-section elementor-element elementor-element-f6b1156 elementor-section-boxed elementor-section-height-default elementor-section-height-default\" data-id=\"f6b1156\" data-element_type=\"section\">\n\t\t\t\t\t\t<div class=\"elementor-container elementor-column-gap-default\">\n\t\t\t\t\t<div class=\"elementor-column elementor-col-100 elementor-top-column elementor-element elementor-element-b48734c\" data-id=\"b48734c\" data-element_type=\"column\">\n\t\t\t<div class=\"elementor-widget-wrap elementor-element-populated\">\n\t\t\t\t\t\t<div class=\"elementor-element elementor-element-b0d4c9e elementor-widget elementor-widget-pt_title\" data-id=\"b0d4c9e\" data-element_type=\"widget\" data-widget_type=\"pt_title.default\">\n\t\t\t\t<div class=\"elementor-widget-container\">\n\t\t\t\t\t\n        <div class=\"pt-title-wrap text-center\">\t            <h5 class=\"pt-title\">\n\t                Faites votre r\u00e9servation\t            <\/h5>\t            <div class=\"pt-title-text\">\n\t                <p>Vous pouvez effectuer vos r\u00e9servations en appelant le <span style=\"background-color: #fcfbfb; font-weight: bolder; text-align: start; color: var(--content-color); font-size: var(--post-text-size); font-family: var(--body-font);\">943 420 703, en <\/span><span style=\"background-color: #fcfbfb; text-align: start; color: var(--content-color); font-size: var(--post-text-size); font-family: var(--body-font);\">\u00e9crivant<\/span> <span style=\"background-color: #fcfbfb; text-align: start; color: var(--content-color); font-size: var(--post-text-size); font-family: var(--body-font);\">un message <b>WhatsApp<\/b> \u00e0<\/span>  <i> <\/i>6<span style=\"background-color: #fcfbfb; font-weight: bolder; text-align: start; color: var(--content-color); font-size: var(--post-text-size); font-family: var(--body-font);\">09 419 544 <\/span><span style=\"background-color: #fcfbfb; text-align: start; color: var(--content-color); font-size: var(--post-text-size); font-family: var(--body-font);\"><i>(24 heures \u00e0 l&rsquo;avance) <\/i>ou en remplissant<\/span><span style=\"background-color: #fcfbfb; text-align: start; color: var(--content-color); font-size: var(--post-text-size); font-family: var(--body-font);\">le <\/span> formulaire<span style=\"background-color: #fcfbfb; font-weight: bolder; text-align: start; color: var(--content-color); font-size: var(--post-text-size); font-family: var(--body-font);\">.<\/span><\/p>\t            <\/div>        <\/div>\t\t\t\t<\/div>\n\t\t\t\t<\/div>\n\t\t\t\t<div class=\"elementor-element elementor-element-1dc4cbc elementor-widget elementor-widget-pt_form_cf7\" data-id=\"1dc4cbc\" data-element_type=\"widget\" data-widget_type=\"pt_form_cf7.default\">\n\t\t\t\t<div class=\"elementor-widget-container\">\n\t\t\t\t\t            <div class=\"pt-form-cf7 placeholder-normal\">\n                <div class=\"pt-form-cf7-wrap\">\n<div class=\"wpcf7 no-js\" id=\"wpcf7-f1237-o1\" lang=\"es-ES\" dir=\"ltr\" data-wpcf7-id=\"1237\">\n<div class=\"screen-reader-response\"><p role=\"status\" aria-live=\"polite\" aria-atomic=\"true\"><\/p> <ul><\/ul><\/div>\n<form action=\"\/fr\/wp-json\/wp\/v2\/pages\/2267#wpcf7-f1237-o1\" method=\"post\" class=\"wpcf7-form init\" aria-label=\"Formulario de contacto\" novalidate=\"novalidate\" data-status=\"init\">\n<fieldset class=\"hidden-fields-container\"><input type=\"hidden\" name=\"_wpcf7\" value=\"1237\" \/><input type=\"hidden\" name=\"_wpcf7_version\" value=\"6.1.4\" \/><input type=\"hidden\" name=\"_wpcf7_locale\" value=\"es_ES\" \/><input type=\"hidden\" name=\"_wpcf7_unit_tag\" value=\"wpcf7-f1237-o1\" \/><input type=\"hidden\" name=\"_wpcf7_container_post\" value=\"0\" \/><input type=\"hidden\" name=\"_wpcf7_posted_data_hash\" value=\"\" \/><input type=\"hidden\" name=\"_wpcf7_recaptcha_response\" value=\"\" \/>\n<\/fieldset>\n<p><label> <span class=\"wpcf7-form-control-wrap\" data-name=\"nombre\"><input size=\"40\" maxlength=\"400\" class=\"wpcf7-form-control wpcf7-text wpcf7-validates-as-required\" aria-required=\"true\" aria-invalid=\"false\" placeholder=\"Nombre y Apellido\" value=\"\" type=\"text\" name=\"nombre\" \/><\/span> <\/label>\n<\/p>\n<p><label> <span class=\"wpcf7-form-control-wrap\" data-name=\"email\"><input size=\"40\" maxlength=\"400\" class=\"wpcf7-form-control wpcf7-email wpcf7-validates-as-required wpcf7-text wpcf7-validates-as-email\" aria-required=\"true\" aria-invalid=\"false\" placeholder=\"Email\" value=\"\" type=\"email\" name=\"email\" \/><\/span> <\/label>\n<\/p>\n<p><label> <span class=\"wpcf7-form-control-wrap\" data-name=\"telefono\"><input size=\"40\" maxlength=\"400\" class=\"wpcf7-form-control wpcf7-tel wpcf7-validates-as-required wpcf7-text wpcf7-validates-as-tel\" aria-required=\"true\" aria-invalid=\"false\" placeholder=\"Tel\u00e9fono\" value=\"\" type=\"tel\" name=\"telefono\" \/><\/span> <\/label>\n<\/p>\n<p><label> <span class=\"wpcf7-form-control-wrap\" data-name=\"fecha\"><input class=\"wpcf7-form-control wpcf7-date wpcf7-validates-as-required wpcf7-validates-as-date\" aria-required=\"true\" aria-invalid=\"false\" placeholder=\"dd\/mm\/aaaa\" value=\"\" type=\"date\" name=\"fecha\" \/><\/span> <\/label>\n<\/p>\n<p><label> <span class=\"wpcf7-form-control-wrap\" data-name=\"comida\"><select class=\"wpcf7-form-control wpcf7-select wpcf7-validates-as-required\" aria-required=\"true\" aria-invalid=\"false\" name=\"comida\"><option value=\"Comida\">Comida<\/option><option value=\"Cena\">Cena<\/option><\/select><\/span> <\/label>\n<\/p>\n<p><label> <span class=\"wpcf7-form-control-wrap\" data-name=\"comensales\"><input class=\"wpcf7-form-control wpcf7-number wpcf7-validates-as-required wpcf7-validates-as-number\" aria-required=\"true\" aria-invalid=\"false\" placeholder=\"Comensales\" value=\"\" type=\"number\" name=\"comensales\" \/><\/span> <\/label>\n<\/p>\n<p><label> <span class=\"wpcf7-form-control-wrap\" data-name=\"mensaje\"><textarea cols=\"40\" rows=\"10\" maxlength=\"2000\" class=\"wpcf7-form-control wpcf7-textarea\" aria-invalid=\"false\" placeholder=\"Comentario...\" name=\"mensaje\"><\/textarea><\/span> <\/label>\n<\/p>\n<p><input class=\"wpcf7-form-control wpcf7-submit has-spinner\" type=\"submit\" value=\"Reservar\" \/>\n<\/p><div class=\"wpcf7-response-output\" aria-hidden=\"true\"><\/div>\n<\/form>\n<\/div>\n<\/div>\n            <\/div>\t\t\t\t<\/div>\n\t\t\t\t<\/div>\n\t\t\t\t\t<\/div>\n\t\t<\/div>\n\t\t\t\t\t<\/div>\n\t\t<\/section>\n\t\t\t\t<\/div>\n\t\t<\/div>\n\t\t\t\t\t\t<\/div>        <a href=\"#\" class=\"elementor-button-link button pt-btn-underline popup-box-enabled\" role=\"button\" data-popup-hash=\"4c4ec97758aa342050f80e15baa9da90\">\n            <span class=\"pt-btn-text\">Faites votre r\u00e9servation<\/span>\n        <\/a>\t\t\t\t<\/div>\n\t\t\t\t<\/div>\n\t\t\t\t\t<\/div>\n\t\t<\/div>\n\t\t\t\t\t<\/div>\n\t\t<\/section>\n\t\t\t\t<\/div>\n\t\t","protected":false},"excerpt":{"rendered":"<p>R\u00f4tisserie &#8211; restaurant \u00e0 donostia BARE BARE \u00c0 quelques m\u00e8tres de la mer, au c\u0153ur de la vieille ville de Saint-S\u00e9bastien, vous trouverez notre restaurant, un restaurant de grillades et de fruits de mer o\u00f9 vous pourrez d\u00e9guster les meilleures mati\u00e8res premi\u00e8res. Bare-Bare est une r\u00e9f\u00e9rence gastronomique \u00e0 Saint-S\u00e9bastien. Les fruits de mer, le poisson &#8230;<\/p>\n","protected":false},"author":1,"featured_media":0,"parent":0,"menu_order":0,"comment_status":"closed","ping_status":"closed","template":"template-wide-content.php","meta":{"patiotime_single_page_hide_site_header":"","patiotime_single_page_site_header_source":"","patiotime_single_page_custom_site_header":"0","patiotime_single_page_custom_sticky_site_header":"0","patiotime_single_page_custom_page_title_margin_top_source":"","patiotime_single_page_custom_page_title_desktop_margin_top":"","patiotime_single_page_custom_page_title_tablet_margin_top":"","patiotime_single_page_custom_page_title_mobile_margin_top":"","patiotime_single_page_hide_page_title":"on","patiotime_single_page_header_section_size":"","patiotime_single_page_header_background_color":"","patiotime_single_page_header_background_position_x":"center","patiotime_single_page_header_background_position_y":"center","patiotime_single_page_header_background_size":"cover","patiotime_single_page_header_background_repeat":"off","patiotime_single_page_header_background_scroll":"on","patiotime_single_page_header_text_color":"","patiotime_single_page_header_show_breadcrumb":"","patiotime_single_page_site_footer_hide_main":"","patiotime_single_custom_site_footer_main_source":"","patiotime_single_custom_site_footer_main":"0","patiotime_single_page_site_footer_hide_above":"","patiotime_single_custom_site_footer_above_source":"","patiotime_single_custom_site_footer_above":"0","patiotime_single_page_site_footer_hide_instagram":"","patiotime_single_page_site_footer_hide_bottom":"","patiotime_single_custom_mobile_menu_source":"","patiotime_single_custom_mobile_menu":"0","patiotime_single_custom_mobile_menu_animation":"","patiotime_single_custom_mobile_menu_width":"","patiotime_single_custom_mobile_menu_custom_width":375,"footnotes":""},"class_list":["post-2267","page","type-page","status-publish","hentry"],"_links":{"self":[{"href":"https:\/\/barebarejatetxea.com\/fr\/wp-json\/wp\/v2\/pages\/2267","targetHints":{"allow":["GET"]}}],"collection":[{"href":"https:\/\/barebarejatetxea.com\/fr\/wp-json\/wp\/v2\/pages"}],"about":[{"href":"https:\/\/barebarejatetxea.com\/fr\/wp-json\/wp\/v2\/types\/page"}],"author":[{"embeddable":true,"href":"https:\/\/barebarejatetxea.com\/fr\/wp-json\/wp\/v2\/users\/1"}],"replies":[{"embeddable":true,"href":"https:\/\/barebarejatetxea.com\/fr\/wp-json\/wp\/v2\/comments?post=2267"}],"version-history":[{"count":5,"href":"https:\/\/barebarejatetxea.com\/fr\/wp-json\/wp\/v2\/pages\/2267\/revisions"}],"predecessor-version":[{"id":2289,"href":"https:\/\/barebarejatetxea.com\/fr\/wp-json\/wp\/v2\/pages\/2267\/revisions\/2289"}],"wp:attachment":[{"href":"https:\/\/barebarejatetxea.com\/fr\/wp-json\/wp\/v2\/media?parent=2267"}],"curies":[{"name":"wp","href":"https:\/\/api.w.org\/{rel}","templated":true}]}}