{"id":2277,"date":"2025-03-04T11:42:50","date_gmt":"2025-03-04T11:42:50","guid":{"rendered":"https:\/\/barebarejatetxea.com\/menu-groupes\/"},"modified":"2025-03-27T11:13:58","modified_gmt":"2025-03-27T11:13:58","slug":"menu-groupes","status":"publish","type":"page","link":"https:\/\/barebarejatetxea.com\/fr\/menu-groupes\/","title":{"rendered":"Menu Groupes"},"content":{"rendered":"\t\t<div data-elementor-type=\"wp-page\" data-elementor-id=\"2277\" class=\"elementor elementor-2277 elementor-2037\" data-elementor-post-type=\"page\">\n\t\t\t\t\t\t<section class=\"elementor-section elementor-top-section elementor-element elementor-element-432f96d elementor-section-full_width elementor-section-height-min-height elementor-section-items-stretch elementor-reverse-mobile elementor-section-height-default\" data-id=\"432f96d\" data-element_type=\"section\">\n\t\t\t\t\t\t<div class=\"elementor-container elementor-column-gap-no\">\n\t\t\t\t\t<div class=\"elementor-column elementor-col-50 elementor-top-column elementor-element elementor-element-d0c09dc\" data-id=\"d0c09dc\" data-element_type=\"column\">\n\t\t\t<div class=\"elementor-widget-wrap elementor-element-populated\">\n\t\t\t\t\t\t<div class=\"elementor-element elementor-element-73230e5 pt-animation-medium-offset elementor-invisible elementor-widget elementor-widget-pt_title\" data-id=\"73230e5\" data-element_type=\"widget\" data-settings=\"{&quot;_animation&quot;:&quot;fadeInUp&quot;,&quot;_animation_delay&quot;:100}\" data-widget_type=\"pt_title.default\">\n\t\t\t\t<div class=\"elementor-widget-container\">\n\t\t\t\t\t\n        <div class=\"pt-title-wrap\">\t            <h4 class=\"pt-title color-secondary\">\n\t                MEnu 1\t            <\/h4>\t            <div class=\"pt-title-text\">\n\t                <ul><li>2 Croquettes<\/li><li>Jambon ib\u00e9rique de palette<\/li><li>Chipirons grill\u00e9s<\/li><li>Merlu grill\u00e9 avec pommes de terre pan\u00e9es ou Joues de porc<\/li><li>G\u00e2teau au fromage<\/li><\/ul><p><strong>1\/2 bouteille par personne<\/strong><br \/><em><span style=\"text-decoration: underline;\">Vin rouge<\/span>: Cantos de Valdepiedra<br \/><\/em><em><span style=\"text-decoration: underline;\">Vins blancs<\/span>: Pazo Cilleiro, Cascarela Verdejo o Txakoli Txomin Etxaniz<br \/><\/em><strong><br \/>Eau, pain et caf\u00e9 inclus<\/strong><\/p>\t            <\/div>        <\/div>\t\t\t\t<\/div>\n\t\t\t\t<\/div>\n\t\t\t\t<div class=\"elementor-element elementor-element-faf652c elementor-widget elementor-widget-pt_food_menu\" data-id=\"faf652c\" data-element_type=\"widget\" data-widget_type=\"pt_food_menu.default\">\n\t\t\t\t<div class=\"elementor-widget-container\">\n\t\t\t\t\t            <div class=\"pt-food-menu food-menu-style-1\">                <div class=\"pt-food-menu-item\">                    <div class=\"pt-food-menu-main\">\n                        <div class=\"pt-food-menu-header\">                            <h6 class=\"pt-food-menu-title\">                                <span class=\"title-wrap\">Prix\t\t\t\t\t\t\t\t<\/span>                            <\/h6>\n                            <div class=\"pt-food-menu-lines\"><\/div><span class=\"pt-food-menu-price\">55 \u20ac\/personne<\/span>                        <\/div>                            <p class=\"pt-food-menu-details\">V.A.T. inclus <\/p>                    <\/div>\n                <\/div>            <\/div>\t\t\t\t<\/div>\n\t\t\t\t<\/div>\n\t\t\t\t<div class=\"elementor-element elementor-element-18f1005 pt-animation-medium-offset elementor-invisible elementor-widget elementor-widget-pt_title\" data-id=\"18f1005\" data-element_type=\"widget\" data-settings=\"{&quot;_animation&quot;:&quot;fadeInUp&quot;,&quot;_animation_delay&quot;:100}\" data-widget_type=\"pt_title.default\">\n\t\t\t\t<div class=\"elementor-widget-container\">\n\t\t\t\t\t\n        <div class=\"pt-title-wrap\">\t            <h4 class=\"pt-title color-secondary\">\n\t                MEnu 2\t            <\/h4>\t            <div class=\"pt-title-text\">\n\t                <ul><li>Croquette au jambon<\/li><li>Foie frais grill\u00e9<\/li><li>4 P\u00e9toncles<\/li><li>Merlu grill\u00e9 avec pommes de terre pan\u00e9es<\/li><li>Filet mignon avec poivrons piquillos<\/li><li>G\u00e2teau au fromage<\/li><\/ul><p><strong>1\/2 bouteille par personne<\/strong><br \/><em><span style=\"text-decoration: underline;\">Vin rouge<\/span>: Cantos de Valdepiedra<br \/><\/em><em><span style=\"text-decoration: underline;\">Vins blancs<\/span>: Pazo Cilleiro, Cascarela Verdejo o Txakoli Txomin Etxaniz<br \/><\/em><strong><br \/>Eau, pain et caf\u00e9 inclus<\/strong><\/p>\t            <\/div>        <\/div>\t\t\t\t<\/div>\n\t\t\t\t<\/div>\n\t\t\t\t<div class=\"elementor-element elementor-element-9af56dc elementor-widget elementor-widget-pt_food_menu\" data-id=\"9af56dc\" data-element_type=\"widget\" data-widget_type=\"pt_food_menu.default\">\n\t\t\t\t<div class=\"elementor-widget-container\">\n\t\t\t\t\t            <div class=\"pt-food-menu food-menu-style-1\">                <div class=\"pt-food-menu-item\">                    <div class=\"pt-food-menu-main\">\n                        <div class=\"pt-food-menu-header\">                            <h6 class=\"pt-food-menu-title\">                                <span class=\"title-wrap\">Prix\t\t\t\t\t\t\t\t<\/span>                            <\/h6>\n                            <div class=\"pt-food-menu-lines\"><\/div><span class=\"pt-food-menu-price\">66 \u20ac\/personne<\/span>                        <\/div>                            <p class=\"pt-food-menu-details\">V.A.T. inclus <\/p>                    <\/div>\n                <\/div>            <\/div>\t\t\t\t<\/div>\n\t\t\t\t<\/div>\n\t\t\t\t\t<\/div>\n\t\t<\/div>\n\t\t\t\t<div class=\"elementor-column elementor-col-50 elementor-top-column elementor-element elementor-element-56a4898\" data-id=\"56a4898\" data-element_type=\"column\" data-settings=\"{&quot;background_background&quot;:&quot;classic&quot;}\">\n\t\t\t<div class=\"elementor-widget-wrap elementor-element-populated\">\n\t\t\t\t\t\t<div class=\"elementor-element elementor-element-a573db4 elementor-widget elementor-widget-spacer\" data-id=\"a573db4\" data-element_type=\"widget\" data-widget_type=\"spacer.default\">\n\t\t\t\t<div class=\"elementor-widget-container\">\n\t\t\t\t\t\t\t<div class=\"elementor-spacer\">\n\t\t\t<div class=\"elementor-spacer-inner\"><\/div>\n\t\t<\/div>\n\t\t\t\t\t\t<\/div>\n\t\t\t\t<\/div>\n\t\t\t\t\t<\/div>\n\t\t<\/div>\n\t\t\t\t\t<\/div>\n\t\t<\/section>\n\t\t\t\t<section class=\"elementor-section elementor-top-section elementor-element elementor-element-2221c52 elementor-section-full_width elementor-section-height-min-height elementor-section-items-stretch elementor-section-height-default\" data-id=\"2221c52\" data-element_type=\"section\">\n\t\t\t\t\t\t<div class=\"elementor-container elementor-column-gap-no\">\n\t\t\t\t\t<div class=\"elementor-column elementor-col-50 elementor-top-column elementor-element elementor-element-addb2d9\" data-id=\"addb2d9\" data-element_type=\"column\" data-settings=\"{&quot;background_background&quot;:&quot;classic&quot;}\">\n\t\t\t<div class=\"elementor-widget-wrap elementor-element-populated\">\n\t\t\t\t\t\t<div class=\"elementor-element elementor-element-d81bb0b elementor-widget elementor-widget-spacer\" data-id=\"d81bb0b\" data-element_type=\"widget\" data-widget_type=\"spacer.default\">\n\t\t\t\t<div class=\"elementor-widget-container\">\n\t\t\t\t\t\t\t<div class=\"elementor-spacer\">\n\t\t\t<div class=\"elementor-spacer-inner\"><\/div>\n\t\t<\/div>\n\t\t\t\t\t\t<\/div>\n\t\t\t\t<\/div>\n\t\t\t\t\t<\/div>\n\t\t<\/div>\n\t\t\t\t<div class=\"elementor-column elementor-col-50 elementor-top-column elementor-element elementor-element-1aff5c5\" data-id=\"1aff5c5\" data-element_type=\"column\">\n\t\t\t<div class=\"elementor-widget-wrap elementor-element-populated\">\n\t\t\t\t\t\t<div class=\"elementor-element elementor-element-620dcb9 pt-animation-medium-offset elementor-invisible elementor-widget elementor-widget-pt_title\" data-id=\"620dcb9\" data-element_type=\"widget\" data-settings=\"{&quot;_animation&quot;:&quot;fadeInUp&quot;,&quot;_animation_delay&quot;:100}\" data-widget_type=\"pt_title.default\">\n\t\t\t\t<div class=\"elementor-widget-container\">\n\t\t\t\t\t\n        <div class=\"pt-title-wrap\">\t            <h4 class=\"pt-title color-secondary\">\n\t                MEnu 3\t            <\/h4>\t            <div class=\"pt-title-text\">\n\t                <ul><li>2 Hu\u00eetres Guillardeau N\u00b02<\/li><li>Foie frais grill\u00e9<\/li><li>Cr\u00e8me de fruits de mer<\/li><li>Sole grill\u00e9e<\/li><li>Filet mignon avec pommes de terre<\/li><li>G\u00e2teau au fromage<\/li><\/ul><p><strong>1\/2 bouteille par personne<\/strong><br \/><em><span style=\"text-decoration: underline;\">Vin rouge<\/span>: Cantos de Valdepiedra<br \/><\/em><em><span style=\"text-decoration: underline;\">Vins blancs<\/span>: Pazo Cilleiro, Cascarela Verdejo o Txakoli Txomin Etxaniz<br \/><\/em><strong><br \/>Eau, pain et caf\u00e9 inclus<\/strong><\/p>\t            <\/div>        <\/div>\t\t\t\t<\/div>\n\t\t\t\t<\/div>\n\t\t\t\t<div class=\"elementor-element elementor-element-2e7a100 elementor-widget elementor-widget-pt_food_menu\" data-id=\"2e7a100\" data-element_type=\"widget\" data-widget_type=\"pt_food_menu.default\">\n\t\t\t\t<div class=\"elementor-widget-container\">\n\t\t\t\t\t            <div class=\"pt-food-menu food-menu-style-1\">                <div class=\"pt-food-menu-item\">                    <div class=\"pt-food-menu-main\">\n                        <div class=\"pt-food-menu-header\">                            <h6 class=\"pt-food-menu-title\">                                <span class=\"title-wrap\">Prix\t\t\t\t\t\t\t\t<\/span>                            <\/h6>\n                            <div class=\"pt-food-menu-lines\"><\/div><span class=\"pt-food-menu-price\">92 \u20ac\/personne<\/span>                        <\/div>                            <p class=\"pt-food-menu-details\">V.A.T. inclus <\/p>                    <\/div>\n                <\/div>            <\/div>\t\t\t\t<\/div>\n\t\t\t\t<\/div>\n\t\t\t\t<div class=\"elementor-element elementor-element-b1cae8a pt-animation-medium-offset elementor-invisible elementor-widget elementor-widget-pt_title\" data-id=\"b1cae8a\" data-element_type=\"widget\" data-settings=\"{&quot;_animation&quot;:&quot;fadeInUp&quot;,&quot;_animation_delay&quot;:100}\" data-widget_type=\"pt_title.default\">\n\t\t\t\t<div class=\"elementor-widget-container\">\n\t\t\t\t\t\n        <div class=\"pt-title-wrap\">\t            <h4 class=\"pt-title color-secondary\">\n\t                MEnu 4\t            <\/h4>\t            <div class=\"pt-title-text\">\n\t                <p><strong>Entr\u00e9es \u00e0 partager<\/strong><\/p><ul><li>Micuit \u00e0 l&rsquo;Armagnac<\/li><li>Jambon ib\u00e9rique de bellota<\/li><li>Salade Bare Bare avec des cigales et des gambas<\/li><\/ul><p><strong>Plats principaux au choix<\/strong><\/p><ul><li>Merlu grill\u00e9 avec pommes de terre pan\u00e9es et piperrada<\/li><li>Chipirons grill\u00e9s<\/li><li>Lotte grill\u00e9e avec piperrada<\/li><li>Filet mignon avec frites<\/li><li>Txuleta de 500g \u00e0 la braise<\/li><\/ul><p><em><strong>1\/2 bouteille par personne<br \/><\/strong><\/em><em>Vin Rouge Crianza, Ros\u00e9, Blanc ou Cidre<\/em><\/p><p><strong>Eau, pain et caf\u00e9 inclus<\/strong><\/p>\t            <\/div>        <\/div>\t\t\t\t<\/div>\n\t\t\t\t<\/div>\n\t\t\t\t<div class=\"elementor-element elementor-element-e8a7ed9 elementor-widget elementor-widget-pt_food_menu\" data-id=\"e8a7ed9\" data-element_type=\"widget\" data-widget_type=\"pt_food_menu.default\">\n\t\t\t\t<div class=\"elementor-widget-container\">\n\t\t\t\t\t            <div class=\"pt-food-menu food-menu-style-1\">                <div class=\"pt-food-menu-item\">                    <div class=\"pt-food-menu-main\">\n                        <div class=\"pt-food-menu-header\">                            <h6 class=\"pt-food-menu-title\">                                <span class=\"title-wrap\">Prix\t\t\t\t\t\t\t\t<\/span>                            <\/h6>\n                            <div class=\"pt-food-menu-lines\"><\/div><span class=\"pt-food-menu-price\">65 \u20ac\/personne<\/span>                        <\/div>                            <p class=\"pt-food-menu-details\">V.A.T. inclus <\/p>                    <\/div>\n                <\/div>            <\/div>\t\t\t\t<\/div>\n\t\t\t\t<\/div>\n\t\t\t\t\t<\/div>\n\t\t<\/div>\n\t\t\t\t\t<\/div>\n\t\t<\/section>\n\t\t\t\t<section class=\"elementor-section elementor-top-section elementor-element elementor-element-3effba8 elementor-section-full_width elementor-section-height-min-height elementor-section-items-stretch elementor-section-height-default\" data-id=\"3effba8\" data-element_type=\"section\">\n\t\t\t\t\t\t<div class=\"elementor-container elementor-column-gap-no\">\n\t\t\t\t\t<div class=\"elementor-column elementor-col-100 elementor-top-column elementor-element elementor-element-cf5f073\" data-id=\"cf5f073\" data-element_type=\"column\">\n\t\t\t<div class=\"elementor-widget-wrap elementor-element-populated\">\n\t\t\t\t\t\t<div class=\"elementor-element elementor-element-417b1e6 pt-animation-medium-offset elementor-invisible elementor-widget elementor-widget-pt_title\" data-id=\"417b1e6\" data-element_type=\"widget\" id=\"consulta\" data-settings=\"{&quot;_animation&quot;:&quot;fadeInUp&quot;,&quot;_animation_delay&quot;:100}\" data-widget_type=\"pt_title.default\">\n\t\t\t\t<div class=\"elementor-widget-container\">\n\t\t\t\t\t\n        <div class=\"pt-title-wrap text-center\">\t            <h4 class=\"pt-title color-secondary\">\n\t                nous contacter\t            <\/h4>\t            <div class=\"pt-title-text\">\n\t                <p>Posez votre question, nous essaierons de vous r\u00e9pondre dans les plus brefs d\u00e9lais. Si vous voulez organiser un \u00e9v\u00e9nement, faites votre demande ici, si vous voulez faire une r\u00e9servation, allez \u00e0 la page contact et remplissez le formulaire correspondant.<\/p>\t            <\/div>        <\/div>\t\t\t\t<\/div>\n\t\t\t\t<\/div>\n\t\t\t\t<div class=\"elementor-element elementor-element-3915ad6 elementor-widget elementor-widget-pt_form_cf7\" data-id=\"3915ad6\" data-element_type=\"widget\" data-widget_type=\"pt_form_cf7.default\">\n\t\t\t\t<div class=\"elementor-widget-container\">\n\t\t\t\t\t            <div class=\"pt-form-cf7 placeholder-normal\">\n                <div class=\"pt-form-cf7-wrap\">\n<div class=\"wpcf7 no-js\" id=\"wpcf7-f7-o1\" lang=\"es-ES\" dir=\"ltr\" data-wpcf7-id=\"7\">\n<div class=\"screen-reader-response\"><p role=\"status\" aria-live=\"polite\" aria-atomic=\"true\"><\/p> <ul><\/ul><\/div>\n<form action=\"\/fr\/wp-json\/wp\/v2\/pages\/2277#wpcf7-f7-o1\" method=\"post\" class=\"wpcf7-form init\" aria-label=\"Formulario de contacto\" novalidate=\"novalidate\" data-status=\"init\">\n<fieldset class=\"hidden-fields-container\"><input type=\"hidden\" name=\"_wpcf7\" value=\"7\" \/><input type=\"hidden\" name=\"_wpcf7_version\" value=\"6.1.4\" \/><input type=\"hidden\" name=\"_wpcf7_locale\" value=\"es_ES\" \/><input type=\"hidden\" name=\"_wpcf7_unit_tag\" value=\"wpcf7-f7-o1\" \/><input type=\"hidden\" name=\"_wpcf7_container_post\" value=\"0\" \/><input type=\"hidden\" name=\"_wpcf7_posted_data_hash\" value=\"\" \/><input type=\"hidden\" name=\"_wpcf7_recaptcha_response\" value=\"\" \/>\n<\/fieldset>\n<p><label> <span class=\"wpcf7-form-control-wrap\" data-name=\"nombre\"><input size=\"40\" maxlength=\"400\" class=\"wpcf7-form-control wpcf7-text wpcf7-validates-as-required\" aria-required=\"true\" aria-invalid=\"false\" placeholder=\"Nombre y Apellido\" value=\"\" type=\"text\" name=\"nombre\" \/><\/span> <\/label>\n<\/p>\n<p><label> <span class=\"wpcf7-form-control-wrap\" data-name=\"email\"><input size=\"40\" maxlength=\"400\" class=\"wpcf7-form-control wpcf7-email wpcf7-validates-as-required wpcf7-text wpcf7-validates-as-email\" aria-required=\"true\" aria-invalid=\"false\" placeholder=\"Email\" value=\"\" type=\"email\" name=\"email\" \/><\/span> <\/label>\n<\/p>\n<p><label> <span class=\"wpcf7-form-control-wrap\" data-name=\"telefono\"><input size=\"40\" maxlength=\"400\" class=\"wpcf7-form-control wpcf7-tel wpcf7-validates-as-required wpcf7-text wpcf7-validates-as-tel\" aria-required=\"true\" aria-invalid=\"false\" placeholder=\"Tel\u00e9fono\" value=\"\" type=\"tel\" name=\"telefono\" \/><\/span> <\/label>\n<\/p>\n<p><label> <span class=\"wpcf7-form-control-wrap\" data-name=\"mensaje\"><textarea cols=\"40\" rows=\"10\" maxlength=\"2000\" class=\"wpcf7-form-control wpcf7-textarea\" aria-invalid=\"false\" placeholder=\"Tu mensaje...\" name=\"mensaje\"><\/textarea><\/span> <\/label>\n<\/p>\n<p><input class=\"wpcf7-form-control wpcf7-submit has-spinner\" type=\"submit\" value=\"Enviar\" \/>\n<\/p><div class=\"wpcf7-response-output\" aria-hidden=\"true\"><\/div>\n<\/form>\n<\/div>\n<\/div>\n            <\/div>\t\t\t\t<\/div>\n\t\t\t\t<\/div>\n\t\t\t\t\t<\/div>\n\t\t<\/div>\n\t\t\t\t\t<\/div>\n\t\t<\/section>\n\t\t\t\t<\/div>\n\t\t","protected":false},"excerpt":{"rendered":"<p>MEnu 1 2 Croquettes Jambon ib\u00e9rique de palette Chipirons grill\u00e9s Merlu grill\u00e9 avec pommes de terre pan\u00e9es ou Joues de porc G\u00e2teau au fromage 1\/2 bouteille par personneVin rouge: Cantos de ValdepiedraVins blancs: Pazo Cilleiro, Cascarela Verdejo o Txakoli Txomin EtxanizEau, pain et caf\u00e9 inclus Prix 55 \u20ac\/personne V.A.T. inclus MEnu 2 Croquette au jambon &#8230;<\/p>\n","protected":false},"author":1,"featured_media":0,"parent":0,"menu_order":0,"comment_status":"closed","ping_status":"closed","template":"template-wide-content.php","meta":{"patiotime_single_page_hide_site_header":"","patiotime_single_page_site_header_source":"","patiotime_single_page_custom_site_header":"0","patiotime_single_page_custom_sticky_site_header":"0","patiotime_single_page_custom_page_title_margin_top_source":"","patiotime_single_page_custom_page_title_desktop_margin_top":"","patiotime_single_page_custom_page_title_tablet_margin_top":"","patiotime_single_page_custom_page_title_mobile_margin_top":"","patiotime_single_page_hide_page_title":"on","patiotime_single_page_header_section_size":"","patiotime_single_page_header_background_color":"","patiotime_single_page_header_background_position_x":"center","patiotime_single_page_header_background_position_y":"center","patiotime_single_page_header_background_size":"cover","patiotime_single_page_header_background_repeat":"off","patiotime_single_page_header_background_scroll":"on","patiotime_single_page_header_text_color":"","patiotime_single_page_header_show_breadcrumb":"","patiotime_single_page_site_footer_hide_main":"","patiotime_single_custom_site_footer_main_source":"","patiotime_single_custom_site_footer_main":"0","patiotime_single_page_site_footer_hide_above":"","patiotime_single_custom_site_footer_above_source":"","patiotime_single_custom_site_footer_above":"0","patiotime_single_page_site_footer_hide_instagram":"","patiotime_single_page_site_footer_hide_bottom":"","patiotime_single_custom_mobile_menu_source":"","patiotime_single_custom_mobile_menu":"0","patiotime_single_custom_mobile_menu_animation":"","patiotime_single_custom_mobile_menu_width":"","patiotime_single_custom_mobile_menu_custom_width":375,"footnotes":""},"class_list":["post-2277","page","type-page","status-publish","hentry"],"_links":{"self":[{"href":"https:\/\/barebarejatetxea.com\/fr\/wp-json\/wp\/v2\/pages\/2277","targetHints":{"allow":["GET"]}}],"collection":[{"href":"https:\/\/barebarejatetxea.com\/fr\/wp-json\/wp\/v2\/pages"}],"about":[{"href":"https:\/\/barebarejatetxea.com\/fr\/wp-json\/wp\/v2\/types\/page"}],"author":[{"embeddable":true,"href":"https:\/\/barebarejatetxea.com\/fr\/wp-json\/wp\/v2\/users\/1"}],"replies":[{"embeddable":true,"href":"https:\/\/barebarejatetxea.com\/fr\/wp-json\/wp\/v2\/comments?post=2277"}],"version-history":[{"count":8,"href":"https:\/\/barebarejatetxea.com\/fr\/wp-json\/wp\/v2\/pages\/2277\/revisions"}],"predecessor-version":[{"id":2410,"href":"https:\/\/barebarejatetxea.com\/fr\/wp-json\/wp\/v2\/pages\/2277\/revisions\/2410"}],"wp:attachment":[{"href":"https:\/\/barebarejatetxea.com\/fr\/wp-json\/wp\/v2\/media?parent=2277"}],"curies":[{"name":"wp","href":"https:\/\/api.w.org\/{rel}","templated":true}]}}